{"id":8,"date":"2012-08-18T12:43:45","date_gmt":"2012-08-18T10:43:45","guid":{"rendered":"http:\/\/cisco.sp1konstantynow.pl\/?page_id=8"},"modified":"2020-05-25T10:15:02","modified_gmt":"2020-05-25T08:15:02","slug":"o-akademii","status":"publish","type":"page","link":"https:\/\/cisco.sp1konstantynow.pl\/?page_id=8","title":{"rendered":"O Akademii&#8230;"},"content":{"rendered":"<p style=\"text-align: left;\">Cisco &#8211; ameryka\u0144ska firma informatyczna produkuj\u0105ca osprz\u0119t sieci teleinformatycznych. Powsta\u0142a w 1984 r. Nazwa <strong><em>cisco<\/em><\/strong> pochodzi od\u00a0 uniwersytetu miasta San Fran<strong>cisco<\/strong>. Natomiast logo firmy symbolizuje most Golden Gate (wikipedia.pl).\u00a0 Poziom cen sprz\u0119tu firmy nale\u017cy do najwy\u017cszych w bran\u017cy. W Polsce znana r\u00f3wnie\u017c jako producent ta\u0144szego sprz\u0119tu pod mark\u0105 Linksys.<\/p>\n<p><img loading=\"lazy\" decoding=\"async\" class=\"aligncenter\" title=\"Logo firmy\" src=\"http:\/\/upload.wikimedia.org\/wikipedia\/commons\/thumb\/6\/64\/Cisco_logo.svg\/250px-Cisco_logo.svg.png\" alt=\"\" width=\"208\" height=\"117\" \/><\/p>\n<h6 style=\"text-align: center;\">Logo firmy<\/h6>\n<p>Akademia Sieci Komputerowych jest to projekt edukacyjny i spo\u0142eczny firmy Cisco. Ma na celu podniesienie poziomu wiedzy i umiej\u0119tno\u015bci z zakresu nowoczesnych technologii informacyjno-komunikacyjnych. Program powsta\u0142 w 1997 roku. W Polsce jest od roku 2000. Projekt jest w j\u0119zyku angielskim i polskim.<\/p>\n<p>Skoro ja sobie radz\u0119, wierz\u0119, \u017ceTy zrobisz to jeszcze lepiej!<\/p>\n<p><a href=\"http:\/\/cisco.netacad.net\"><img loading=\"lazy\" decoding=\"async\" title=\"Baner akademii\" src=\"http:\/\/cisco.netacad.net\/staticcontentassets\/images\/cnamsheader\/banner_new.jpg\" alt=\"\" width=\"756\" height=\"59\" \/><\/a><\/p>\n<p style=\"text-align: left;\">\n","protected":false},"excerpt":{"rendered":"<p>Cisco &#8211; ameryka\u0144ska firma informatyczna produkuj\u0105ca osprz\u0119t sieci teleinformatycznych. Powsta\u0142a w 1984 r. Nazwa cisco pochodzi od\u00a0 uniwersytetu miasta San Francisco. Natomiast logo firmy symbolizuje most Golden Gate (wikipedia.pl).\u00a0 Poziom cen sprz\u0119tu firmy nale\u017cy do najwy\u017cszych w bran\u017cy. W Polsce &hellip; <a href=\"https:\/\/cisco.sp1konstantynow.pl\/?page_id=8\">Czytaj dalej <span class=\"meta-nav\">&rarr;<\/span><\/a><\/p>\n","protected":false},"author":1,"featured_media":0,"parent":0,"menu_order":0,"comment_status":"open","ping_status":"open","template":"onecolumn-page.php","meta":{"footnotes":""},"class_list":["post-8","page","type-page","status-publish","hentry"],"_links":{"self":[{"href":"https:\/\/cisco.sp1konstantynow.pl\/index.php?rest_route=\/wp\/v2\/pages\/8","targetHints":{"allow":["GET"]}}],"collection":[{"href":"https:\/\/cisco.sp1konstantynow.pl\/index.php?rest_route=\/wp\/v2\/pages"}],"about":[{"href":"https:\/\/cisco.sp1konstantynow.pl\/index.php?rest_route=\/wp\/v2\/types\/page"}],"author":[{"embeddable":true,"href":"https:\/\/cisco.sp1konstantynow.pl\/index.php?rest_route=\/wp\/v2\/users\/1"}],"replies":[{"embeddable":true,"href":"https:\/\/cisco.sp1konstantynow.pl\/index.php?rest_route=%2Fwp%2Fv2%2Fcomments&post=8"}],"version-history":[{"count":5,"href":"https:\/\/cisco.sp1konstantynow.pl\/index.php?rest_route=\/wp\/v2\/pages\/8\/revisions"}],"predecessor-version":[{"id":430,"href":"https:\/\/cisco.sp1konstantynow.pl\/index.php?rest_route=\/wp\/v2\/pages\/8\/revisions\/430"}],"wp:attachment":[{"href":"https:\/\/cisco.sp1konstantynow.pl\/index.php?rest_route=%2Fwp%2Fv2%2Fmedia&parent=8"}],"curies":[{"name":"wp","href":"https:\/\/api.w.org\/{rel}","templated":true}]}}