{"id":24,"date":"2012-08-18T13:24:45","date_gmt":"2012-08-18T11:24:45","guid":{"rendered":"http:\/\/cisco.sp1konstantynow.pl\/?page_id=24"},"modified":"2020-05-25T10:20:04","modified_gmt":"2020-05-25T08:20:04","slug":"faq","status":"publish","type":"page","link":"https:\/\/cisco.sp1konstantynow.pl\/?page_id=24","title":{"rendered":"FAQ"},"content":{"rendered":"<p style=\"text-align: center;\"><strong>FAQ &#8211; najcz\u0119\u015bciej zadawane pytania i odpowiedzi do nich.<\/strong><\/p>\n<ol>\n<li><strong>Ile i jakie rozdzia\u0142y sk\u0142adaj\u0105 si\u0119 na kurs IT Essentials: PC Hardware and Software (Polish &#8211; 5.00)?<\/strong>\n<ol>\n<li>Szesna\u015bcie. Instruktor wybiera 10. Oto rozdzia\u0142y:\n<ol>\n<li style=\"list-style-type: none;\">\n<ol>\n<li><span class=\"ig-header-title collapse_module_link ellipsis\" tabindex=\"0\" title=\"Rozdzia\u0142 1: Wst\u0119p do komputera osobistego\" role=\"button\" aria-controls=\"context_module_content_10276297\" aria-expanded=\"true\"><span class=\"name\" title=\"Rozdzia\u0142 1: Wst\u0119p do komputera osobistego\">Wst\u0119p do komputera osobistego<\/span><\/span>.<\/li>\n<li><span class=\"ig-header-title collapse_module_link ellipsis\" tabindex=\"0\" title=\"Rozdzia\u0142 2: Procedury laboratoryjne i stosowanie narz\u0119dzi\" role=\"button\" aria-controls=\"context_module_content_10276298\" aria-expanded=\"true\"><span class=\"name\" title=\"Rozdzia\u0142 2: Procedury laboratoryjne i stosowanie narz\u0119dzi\">Procedury laboratoryjne i stosowanie narz\u0119dzi<\/span><\/span>.<\/li>\n<li><span class=\"ig-header-title expand_module_link ellipsis\" tabindex=\"0\" title=\"Rozdzia\u0142 3: Monta\u017c komputera\" role=\"button\" aria-controls=\"context_module_content_10276299\" aria-expanded=\"false\"><span class=\"name ellipsis\" title=\"Rozdzia\u0142 3: Monta\u017c komputera\">Monta\u017c komputera<\/span><\/span>.<\/li>\n<li><span class=\"ig-header-title collapse_module_link ellipsis\" tabindex=\"0\" title=\"Rozdzia\u0142 4: Om\u00f3wienie konserwacji profilaktycznej\" role=\"button\" aria-controls=\"context_module_content_10276300\" aria-expanded=\"true\"><span class=\"name\" title=\"Rozdzia\u0142 4: Om\u00f3wienie konserwacji profilaktycznej\">Om\u00f3wienie konserwacji profilaktycznej<\/span><\/span>.<\/li>\n<li><span class=\"ig-header-title expand_module_link ellipsis\" tabindex=\"0\" title=\"Rozdzia\u0142 5: Systemy operacyjne\" role=\"button\" aria-controls=\"context_module_content_10276301\" aria-expanded=\"false\"><span class=\"name ellipsis\" title=\"Rozdzia\u0142 5: Systemy operacyjne\">Systemy operacyjne<\/span><\/span>.<\/li>\n<li><span class=\"ig-header-title collapse_module_link ellipsis\" tabindex=\"0\" title=\"Rozdzia\u0142 6: Sieci\" role=\"button\" aria-controls=\"context_module_content_10276302\" aria-expanded=\"true\"><span class=\"name\" title=\"Rozdzia\u0142 6: Sieci\">Sieci<\/span><\/span>.<\/li>\n<li><span class=\"ig-header-title expand_module_link ellipsis\" tabindex=\"0\" title=\"Rozdzia\u0142 7: Laptopy\" role=\"button\" aria-controls=\"context_module_content_10276303\" aria-expanded=\"false\"><span class=\"name ellipsis\" title=\"Rozdzia\u0142 7: Laptopy\">Laptopy<\/span><\/span>.<\/li>\n<li><span class=\"ig-header-title collapse_module_link ellipsis\" tabindex=\"0\" title=\"Rozdzia\u0142 8: Urz\u0105dzenia mobilne\" role=\"button\" aria-controls=\"context_module_content_10276304\" aria-expanded=\"true\"><span class=\"name\" title=\"Rozdzia\u0142 8: Urz\u0105dzenia mobilne\">Urz\u0105dzenia mobilne<\/span><\/span>.<\/li>\n<li><span class=\"ig-header-title collapse_module_link ellipsis\" tabindex=\"0\" title=\"Rozdzia\u0142 9: Drukarki\" role=\"button\" aria-controls=\"context_module_content_10276305\" aria-expanded=\"true\"><span class=\"name\" title=\"Rozdzia\u0142 9: Drukarki\">Drukarki<\/span><\/span>.<\/li>\n<li><span class=\"ig-header-title collapse_module_link ellipsis\" tabindex=\"0\" title=\"Rozdzia\u0142 10: Bezpiecze\u0144stwo\" role=\"button\" aria-controls=\"context_module_content_10276306\" aria-expanded=\"true\"><span class=\"name\" title=\"Rozdzia\u0142 10: Bezpiecze\u0144stwo\">Bezpiecze\u0144stwo<\/span><\/span>.<\/li>\n<li><span class=\"ig-header-title expand_module_link ellipsis\" tabindex=\"0\" title=\"Rozdzia\u0142 11: Profesjonalista IT\" role=\"button\" aria-controls=\"context_module_content_10276307\" aria-expanded=\"false\"><span class=\"name ellipsis\" title=\"Rozdzia\u0142 11: Profesjonalista IT\">Profesjonalista IT<\/span><\/span>.<\/li>\n<li><span class=\"ig-header-title collapse_module_link ellipsis\" tabindex=\"0\" title=\"Rozdzia\u0142 12: Zaawansowane rozwi\u0105zywanie problem\u00f3w\" role=\"button\" aria-controls=\"context_module_content_10276308\" aria-expanded=\"true\"><span class=\"name\" title=\"Rozdzia\u0142 12: Zaawansowane rozwi\u0105zywanie problem\u00f3w\">Zaawansowane rozwi\u0105zywanie problem\u00f3w<\/span><\/span>.<\/li>\n<\/ol>\n<\/li>\n<\/ol>\n<\/li>\n<\/ol>\n<\/li>\n<li><strong>Jaki jest algorytm dzia\u0142a\u0144?<\/strong>\n<ol>\n<li style=\"list-style-type: none;\">\n<ol>\n<li style=\"list-style-type: none;\">\n<ol>\n<li>Zapisz si\u0119 na kurs.<\/li>\n<li>Oczekuj zaproszenia na kurs drog\u0105 e-mailow\u0105.<\/li>\n<li>Ucz si\u0119 i zdawaj egzaminy (w domu).<\/li>\n<li>Ostatni egzamin (szesnasty) zdaj w szkole.<\/li>\n<\/ol>\n<\/li>\n<\/ol>\n<\/li>\n<\/ol>\n<\/li>\n<li><strong>Gdzie mo\u017cna si\u0119 zalogowa\u0107 do Akademii?<\/strong>\n<ol>\n<li style=\"list-style-type: none;\">\n<ol>\n<li style=\"list-style-type: none;\">\n<ol>\n<li><a title=\"login\" href=\"http:\/\/netacad.com\">Tutaj<\/a>.<\/li>\n<\/ol>\n<\/li>\n<\/ol>\n<\/li>\n<\/ol>\n<\/li>\n<li><strong>Jak si\u0119 uczy\u0107 i zdawa\u0107 egzaminy?<\/strong>\n<ol>\n<li style=\"list-style-type: none;\">\n<ol>\n<li style=\"list-style-type: none;\">\n<ol>\n<li>Zaloguj si\u0119. Wybierz rozdzia\u0142. Ucz si\u0119. Zdaj egzamin. I tak 10. razy.<\/li>\n<\/ol>\n<\/li>\n<\/ol>\n<\/li>\n<\/ol>\n<\/li>\n<li><strong>Jak przyst\u0105pi\u0107?<\/strong>\n<ol>\n<li style=\"list-style-type: none;\">\n<ol>\n<li style=\"list-style-type: none;\">\n<ol>\n<li>Zda\u0107 test kwalifikacyjny w witrynie <a href=\"http:\/\/e.sp1konstantynow.pl\"><strong>e.sp1konstantynow.pl<\/strong><\/a>\u00a0 lub <a href=\"http:\/\/e.sp2konstantynow.pl\">e.sp2konstantynow.pl<\/a> &#8211; Akademia Cisco.<\/li>\n<\/ol>\n<\/li>\n<\/ol>\n<\/li>\n<\/ol>\n<\/li>\n<li><strong>Ile egzamin\u00f3w nale\u017cy zda\u0107?<\/strong>\n<ol>\n<li style=\"list-style-type: none;\">\n<ol>\n<li style=\"list-style-type: none;\">\n<ol>\n<li>Dziesi\u0119\u0107 w domu. I tylko jeden w pracowni Akademii.<\/li>\n<\/ol>\n<\/li>\n<\/ol>\n<\/li>\n<\/ol>\n<\/li>\n<li><strong>Czy warto?<\/strong>\n<ol>\n<li style=\"list-style-type: none;\">\n<ol>\n<li style=\"list-style-type: none;\">\n<ol>\n<li>Bardzo! Otrzymasz za\u015bwiadczenie. Praktyczn\u0105 wiedz\u0119. I \u015bwietne programy.<\/li>\n<\/ol>\n<\/li>\n<\/ol>\n<\/li>\n<\/ol>\n<\/li>\n<li><strong>Czy kurs jest bezp\u0142atny?<\/strong>\n<ol>\n<li style=\"list-style-type: none;\">\n<ol>\n<li style=\"list-style-type: none;\">\n<ol>\n<li>Tak.<\/li>\n<\/ol>\n<\/li>\n<\/ol>\n<\/li>\n<\/ol>\n<\/li>\n<\/ol>\n","protected":false},"excerpt":{"rendered":"<p>FAQ &#8211; najcz\u0119\u015bciej zadawane pytania i odpowiedzi do nich. Ile i jakie rozdzia\u0142y sk\u0142adaj\u0105 si\u0119 na kurs IT Essentials: PC Hardware and Software (Polish &#8211; 5.00)? Szesna\u015bcie. Instruktor wybiera 10. Oto rozdzia\u0142y: Wst\u0119p do komputera osobistego. Procedury laboratoryjne i stosowanie &hellip; <a href=\"https:\/\/cisco.sp1konstantynow.pl\/?page_id=24\">Czytaj dalej <span class=\"meta-nav\">&rarr;<\/span><\/a><\/p>\n","protected":false},"author":1,"featured_media":0,"parent":0,"menu_order":0,"comment_status":"open","ping_status":"open","template":"","meta":{"footnotes":""},"class_list":["post-24","page","type-page","status-publish","hentry"],"_links":{"self":[{"href":"https:\/\/cisco.sp1konstantynow.pl\/index.php?rest_route=\/wp\/v2\/pages\/24","targetHints":{"allow":["GET"]}}],"collection":[{"href":"https:\/\/cisco.sp1konstantynow.pl\/index.php?rest_route=\/wp\/v2\/pages"}],"about":[{"href":"https:\/\/cisco.sp1konstantynow.pl\/index.php?rest_route=\/wp\/v2\/types\/page"}],"author":[{"embeddable":true,"href":"https:\/\/cisco.sp1konstantynow.pl\/index.php?rest_route=\/wp\/v2\/users\/1"}],"replies":[{"embeddable":true,"href":"https:\/\/cisco.sp1konstantynow.pl\/index.php?rest_route=%2Fwp%2Fv2%2Fcomments&post=24"}],"version-history":[{"count":15,"href":"https:\/\/cisco.sp1konstantynow.pl\/index.php?rest_route=\/wp\/v2\/pages\/24\/revisions"}],"predecessor-version":[{"id":431,"href":"https:\/\/cisco.sp1konstantynow.pl\/index.php?rest_route=\/wp\/v2\/pages\/24\/revisions\/431"}],"wp:attachment":[{"href":"https:\/\/cisco.sp1konstantynow.pl\/index.php?rest_route=%2Fwp%2Fv2%2Fmedia&parent=24"}],"curies":[{"name":"wp","href":"https:\/\/api.w.org\/{rel}","templated":true}]}}