{"id":21,"date":"2012-08-18T13:22:10","date_gmt":"2012-08-18T11:22:10","guid":{"rendered":"http:\/\/cisco.sp1konstantynow.pl\/?page_id=21"},"modified":"2012-09-25T07:15:21","modified_gmt":"2012-09-25T05:15:21","slug":"aktualnosci","status":"publish","type":"page","link":"https:\/\/cisco.sp1konstantynow.pl\/?page_id=21","title":{"rendered":"Aktualno\u015bci"},"content":{"rendered":"<p>Zaczynamy pierwszy kurs IT Essentials w pa\u017adzierniku 2012. Zapisy odbywaj\u0105 si\u0119 przez interaktywny formularz, kt\u00f3ry znajduje si\u0119 poni\u017cej.<\/p>\n<p><iframe loading=\"lazy\" src=\"https:\/\/docs.google.com\/spreadsheet\/embeddedform?formkey=dEV4c0E3aUdTd3lwT1Z5eGNlUl8yM0E6MQ\" frameborder=\"0\" marginwidth=\"0\" marginheight=\"0\" width=\"669\" height=\"788\"><\/iframe><\/p>\n<p>Dodatkowe informacje znajdziesz w witrynie <a href=\"http:\/\/cisco.sp1konstantynow.pl\/?page_id=24\"><strong>FAQ<\/strong><\/a>.<\/p>\n","protected":false},"excerpt":{"rendered":"<p>Zaczynamy pierwszy kurs IT Essentials w pa\u017adzierniku 2012. Zapisy odbywaj\u0105 si\u0119 przez interaktywny formularz, kt\u00f3ry znajduje si\u0119 poni\u017cej. Dodatkowe informacje znajdziesz w witrynie FAQ.<\/p>\n","protected":false},"author":1,"featured_media":0,"parent":0,"menu_order":0,"comment_status":"open","ping_status":"open","template":"","meta":{"footnotes":""},"class_list":["post-21","page","type-page","status-publish","hentry"],"_links":{"self":[{"href":"https:\/\/cisco.sp1konstantynow.pl\/index.php?rest_route=\/wp\/v2\/pages\/21","targetHints":{"allow":["GET"]}}],"collection":[{"href":"https:\/\/cisco.sp1konstantynow.pl\/index.php?rest_route=\/wp\/v2\/pages"}],"about":[{"href":"https:\/\/cisco.sp1konstantynow.pl\/index.php?rest_route=\/wp\/v2\/types\/page"}],"author":[{"embeddable":true,"href":"https:\/\/cisco.sp1konstantynow.pl\/index.php?rest_route=\/wp\/v2\/users\/1"}],"replies":[{"embeddable":true,"href":"https:\/\/cisco.sp1konstantynow.pl\/index.php?rest_route=%2Fwp%2Fv2%2Fcomments&post=21"}],"version-history":[{"count":11,"href":"https:\/\/cisco.sp1konstantynow.pl\/index.php?rest_route=\/wp\/v2\/pages\/21\/revisions"}],"predecessor-version":[{"id":28,"href":"https:\/\/cisco.sp1konstantynow.pl\/index.php?rest_route=\/wp\/v2\/pages\/21\/revisions\/28"}],"wp:attachment":[{"href":"https:\/\/cisco.sp1konstantynow.pl\/index.php?rest_route=%2Fwp%2Fv2%2Fmedia&parent=21"}],"curies":[{"name":"wp","href":"https:\/\/api.w.org\/{rel}","templated":true}]}}